{"id":68,"date":"2021-08-27T17:21:36","date_gmt":"2021-08-27T15:21:36","guid":{"rendered":"http:\/\/localhost\/?post_type=product&#038;p=68"},"modified":"2026-01-28T13:38:08","modified_gmt":"2026-01-28T12:38:08","slug":"redukce-m-2-ngiff-sata","status":"publish","type":"product","link":"https:\/\/shop.technomorous.eu\/en\/product\/redukce-m-2-ngiff-sata\/","title":{"rendered":"M.2 - SATA adaptor"},"content":{"rendered":"<p>Redukce umo\u017e\u0148uj\u00edc\u00ed p\u0159ipojen\u00ed disku ve form\u00e1tu M.2 (NGFF) SATA do po\u010d\u00edta\u010d\u016f, kter\u00e9 t\u00edmto rozhran\u00edm nedisponuj\u00ed a maj\u00ed pouze klasick\u00fd SATA konektor.<\/p>\n<p><em>(Nefunguje s NVMe SSD!)<\/em><\/p>","protected":false},"excerpt":{"rendered":"<p>Redukce umo\u017e\u0148uj\u00edc\u00ed p\u0159ipojen\u00ed disku ve form\u00e1tu M.2 (NGFF) SATA do po\u010d\u00edta\u010d\u016f, kter\u00e9 t\u00edmto rozhran\u00edm nedisponuj\u00ed a maj\u00ed pouze klasick\u00fd SATA konektor. (Nefunguje s NVMe SSD!)<\/p>","protected":false},"featured_media":69,"comment_status":"open","ping_status":"closed","template":"","meta":[],"product_brand":[],"product_cat":[16,17],"product_tag":[18],"class_list":{"0":"post-68","1":"product","2":"type-product","3":"status-publish","4":"has-post-thumbnail","6":"product_cat-hardware","7":"product_cat-komponenty","8":"product_tag-nove","10":"first","11":"instock","12":"shipping-taxable","13":"purchasable","14":"product-type-simple"},"_links":{"self":[{"href":"https:\/\/shop.technomorous.eu\/en\/wp-json\/wp\/v2\/product\/68","targetHints":{"allow":["GET"]}}],"collection":[{"href":"https:\/\/shop.technomorous.eu\/en\/wp-json\/wp\/v2\/product"}],"about":[{"href":"https:\/\/shop.technomorous.eu\/en\/wp-json\/wp\/v2\/types\/product"}],"replies":[{"embeddable":true,"href":"https:\/\/shop.technomorous.eu\/en\/wp-json\/wp\/v2\/comments?post=68"}],"wp:featuredmedia":[{"embeddable":true,"href":"https:\/\/shop.technomorous.eu\/en\/wp-json\/wp\/v2\/media\/69"}],"wp:attachment":[{"href":"https:\/\/shop.technomorous.eu\/en\/wp-json\/wp\/v2\/media?parent=68"}],"wp:term":[{"taxonomy":"product_brand","embeddable":true,"href":"https:\/\/shop.technomorous.eu\/en\/wp-json\/wp\/v2\/product_brand?post=68"},{"taxonomy":"product_cat","embeddable":true,"href":"https:\/\/shop.technomorous.eu\/en\/wp-json\/wp\/v2\/product_cat?post=68"},{"taxonomy":"product_tag","embeddable":true,"href":"https:\/\/shop.technomorous.eu\/en\/wp-json\/wp\/v2\/product_tag?post=68"}],"curies":[{"name":"wp","href":"https:\/\/api.w.org\/{rel}","templated":true}]}}