{"id":597,"date":"2026-01-09T17:29:37","date_gmt":"2026-01-09T16:29:37","guid":{"rendered":"https:\/\/shop.technomorous.eu\/?post_type=product&#038;p=597"},"modified":"2026-01-09T17:45:52","modified_gmt":"2026-01-09T16:45:52","slug":"redukce-napajeni-atx-at","status":"publish","type":"product","link":"https:\/\/shop.technomorous.eu\/en\/product\/redukce-napajeni-atx-at\/","title":{"rendered":"Redukce nap\u00e1jen\u00ed ATX-AT"},"content":{"rendered":"<p>S t\u00edmto adapt\u00e9rem lze nap\u00e1jet star\u0161\u00ed z\u00e1kladn\u00ed desky osazen\u00e9 dvojic\u00ed AT konektor\u016f P8\/P9 pomoc\u00ed nov\u011bj\u0161\u00edho ATX zdroje s 20pinov\u00fdm konektorem. Z redukce je vyvedena i dvojice vodi\u010d\u016f pro vyp\u00edna\u010d.<\/p>\n<p>Adapt\u00e9r je \u010dist\u011b pasivn\u00ed, neprov\u00e1d\u00ed \u017e\u00e1dn\u00e9 konverze nap\u011bt\u00ed, pokud v\u00e1\u0161 ATX zdroj neposkytuje v\u0161echna nap\u011bt\u00ed pot\u0159ebn\u00e1 pro b\u011bh AT desky (nap\u0159\u00edklad -5V), nebude celek fungovat v\u016fbec nebo s probl\u00e9my.\u00a0 Otestov\u00e1no s PicoPSU a z\u00e1kladn\u00ed deskou MSI MS4132G (Socket 3\/486DX2\/ISA VGA\/IDE \u0159adi\u010d), syst\u00e9m nab\u011bhl bez probl\u00e9m\u016f.<\/p>","protected":false},"excerpt":{"rendered":"<p>S t\u00edmto adapt\u00e9rem lze nap\u00e1jet star\u0161\u00ed z\u00e1kladn\u00ed desky osazen\u00e9 dvojic\u00ed AT konektor\u016f P8\/P9 pomoc\u00ed nov\u011bj\u0161\u00edho ATX zdroje s 20pinov\u00fdm konektorem. Z redukce je vyvedena i dvojice vodi\u010d\u016f pro vyp\u00edna\u010d. Adapt\u00e9r je \u010dist\u011b pasivn\u00ed, neprov\u00e1d\u00ed \u017e\u00e1dn\u00e9 konverze nap\u011bt\u00ed, pokud v\u00e1\u0161 ATX zdroj neposkytuje v\u0161echna nap\u011bt\u00ed pot\u0159ebn\u00e1 pro b\u011bh AT desky (nap\u0159\u00edklad -5V), nebude celek fungovat v\u016fbec [&hellip;]<\/p>\n","protected":false},"featured_media":600,"comment_status":"open","ping_status":"closed","template":"","meta":[],"product_brand":[],"product_cat":[16,17],"product_tag":[18],"class_list":{"0":"post-597","1":"product","2":"type-product","3":"status-publish","4":"has-post-thumbnail","6":"product_cat-hardware","7":"product_cat-komponenty","8":"product_tag-nove","10":"first","11":"instock","12":"shipping-taxable","13":"purchasable","14":"product-type-simple"},"_links":{"self":[{"href":"https:\/\/shop.technomorous.eu\/en\/wp-json\/wp\/v2\/product\/597","targetHints":{"allow":["GET"]}}],"collection":[{"href":"https:\/\/shop.technomorous.eu\/en\/wp-json\/wp\/v2\/product"}],"about":[{"href":"https:\/\/shop.technomorous.eu\/en\/wp-json\/wp\/v2\/types\/product"}],"replies":[{"embeddable":true,"href":"https:\/\/shop.technomorous.eu\/en\/wp-json\/wp\/v2\/comments?post=597"}],"wp:featuredmedia":[{"embeddable":true,"href":"https:\/\/shop.technomorous.eu\/en\/wp-json\/wp\/v2\/media\/600"}],"wp:attachment":[{"href":"https:\/\/shop.technomorous.eu\/en\/wp-json\/wp\/v2\/media?parent=597"}],"wp:term":[{"taxonomy":"product_brand","embeddable":true,"href":"https:\/\/shop.technomorous.eu\/en\/wp-json\/wp\/v2\/product_brand?post=597"},{"taxonomy":"product_cat","embeddable":true,"href":"https:\/\/shop.technomorous.eu\/en\/wp-json\/wp\/v2\/product_cat?post=597"},{"taxonomy":"product_tag","embeddable":true,"href":"https:\/\/shop.technomorous.eu\/en\/wp-json\/wp\/v2\/product_tag?post=597"}],"curies":[{"name":"wp","href":"https:\/\/api.w.org\/{rel}","templated":true}]}}