{"id":593,"date":"2026-01-09T14:09:51","date_gmt":"2026-01-09T13:09:51","guid":{"rendered":"https:\/\/shop.technomorous.eu\/?post_type=product&#038;p=593"},"modified":"2026-04-15T16:03:04","modified_gmt":"2026-04-15T14:03:04","slug":"necroware-nw12887-nahrada-dallas-rtc","status":"publish","type":"product","link":"https:\/\/shop.technomorous.eu\/en\/product\/necroware-nw12887-nahrada-dallas-rtc\/","title":{"rendered":"Necroware NW12887 &#8211; n\u00e1hrada Dallas RTC"},"content":{"rendered":"<p>Drop-in n\u00e1hrada za RTC Dallas DS1287, DS12887 a kompatibiln\u00ed RTC. Sta\u010d\u00ed odstranit star\u00fd, m\u00edsto n\u011bj do patice zasunout nebo do desky p\u0159ip\u00e1jet tuto n\u00e1hradu nap\u00e1jenou bateriemi CR1220 nebo CR1225 a nen\u00ed nutno star\u00fd \u010dip navrt\u00e1vat, p\u00e1jet k n\u011bmu extern\u00ed baterii, nebo sh\u00e1n\u011bt star\u00e9 z\u00e1soby \u010dasto pochybn\u00e9 kvality. Toto \u0159e\u0161en\u00ed je nav\u017edy &#8211; sta\u010d\u00ed p\u0159\u00edpadn\u011b pouze vym\u011bnit knofl\u00edkovou baterii, jako u modern\u00edch z\u00e1kladn\u00edch desek.<\/p>","protected":false},"excerpt":{"rendered":"<p>Drop-in n\u00e1hrada za RTC Dallas DS1287, DS12887 a kompatibiln\u00ed RTC. Sta\u010d\u00ed odstranit star\u00fd, m\u00edsto n\u011bj do patice zasunout nebo do desky p\u0159ip\u00e1jet tuto n\u00e1hradu nap\u00e1jenou bateriemi CR1220 nebo CR1225 a nen\u00ed nutno star\u00fd \u010dip navrt\u00e1vat, p\u00e1jet k n\u011bmu extern\u00ed baterii, nebo sh\u00e1n\u011bt star\u00e9 z\u00e1soby \u010dasto pochybn\u00e9 kvality. Toto \u0159e\u0161en\u00ed je nav\u017edy &#8211; sta\u010d\u00ed p\u0159\u00edpadn\u011b pouze [&hellip;]<\/p>\n","protected":false},"featured_media":594,"comment_status":"open","ping_status":"closed","template":"","meta":[],"product_brand":[],"product_cat":[16,17],"product_tag":[18],"class_list":{"0":"post-593","1":"product","2":"type-product","3":"status-publish","4":"has-post-thumbnail","6":"product_cat-hardware","7":"product_cat-komponenty","8":"product_tag-nove","10":"first","11":"outofstock","12":"shipping-taxable","13":"purchasable","14":"product-type-simple"},"_links":{"self":[{"href":"https:\/\/shop.technomorous.eu\/en\/wp-json\/wp\/v2\/product\/593","targetHints":{"allow":["GET"]}}],"collection":[{"href":"https:\/\/shop.technomorous.eu\/en\/wp-json\/wp\/v2\/product"}],"about":[{"href":"https:\/\/shop.technomorous.eu\/en\/wp-json\/wp\/v2\/types\/product"}],"replies":[{"embeddable":true,"href":"https:\/\/shop.technomorous.eu\/en\/wp-json\/wp\/v2\/comments?post=593"}],"wp:featuredmedia":[{"embeddable":true,"href":"https:\/\/shop.technomorous.eu\/en\/wp-json\/wp\/v2\/media\/594"}],"wp:attachment":[{"href":"https:\/\/shop.technomorous.eu\/en\/wp-json\/wp\/v2\/media?parent=593"}],"wp:term":[{"taxonomy":"product_brand","embeddable":true,"href":"https:\/\/shop.technomorous.eu\/en\/wp-json\/wp\/v2\/product_brand?post=593"},{"taxonomy":"product_cat","embeddable":true,"href":"https:\/\/shop.technomorous.eu\/en\/wp-json\/wp\/v2\/product_cat?post=593"},{"taxonomy":"product_tag","embeddable":true,"href":"https:\/\/shop.technomorous.eu\/en\/wp-json\/wp\/v2\/product_tag?post=593"}],"curies":[{"name":"wp","href":"https:\/\/api.w.org\/{rel}","templated":true}]}}