{"id":449,"date":"2024-04-16T00:01:24","date_gmt":"2024-04-15T22:01:24","guid":{"rendered":"https:\/\/shop.technomorous.eu\/?post_type=product&#038;p=449"},"modified":"2026-01-20T22:39:09","modified_gmt":"2026-01-20T21:39:09","slug":"redukce-sd-ide-44pin","status":"publish","type":"product","link":"https:\/\/shop.technomorous.eu\/en\/product\/redukce-sd-ide-44pin\/","title":{"rendered":"Redukce SD &#8211; IDE (44pin)"},"content":{"rendered":"<p>Redukce umo\u017e\u0148uj\u00edc\u00ed pou\u017eit\u00ed SD karty m\u00edsto 44pinov\u00e9ho notebookov\u00e9ho IDE disku.<\/p>","protected":false},"excerpt":{"rendered":"<p>Redukce umo\u017e\u0148uj\u00edc\u00ed pou\u017eit\u00ed SD karty m\u00edsto 44pinov\u00e9ho notebookov\u00e9ho IDE disku.<\/p>","protected":false},"featured_media":450,"comment_status":"open","ping_status":"closed","template":"","meta":[],"product_brand":[],"product_cat":[16,17],"product_tag":[18],"class_list":{"0":"post-449","1":"product","2":"type-product","3":"status-publish","4":"has-post-thumbnail","6":"product_cat-hardware","7":"product_cat-komponenty","8":"product_tag-nove","10":"first","11":"outofstock","12":"shipping-taxable","13":"purchasable","14":"product-type-simple"},"_links":{"self":[{"href":"https:\/\/shop.technomorous.eu\/en\/wp-json\/wp\/v2\/product\/449","targetHints":{"allow":["GET"]}}],"collection":[{"href":"https:\/\/shop.technomorous.eu\/en\/wp-json\/wp\/v2\/product"}],"about":[{"href":"https:\/\/shop.technomorous.eu\/en\/wp-json\/wp\/v2\/types\/product"}],"replies":[{"embeddable":true,"href":"https:\/\/shop.technomorous.eu\/en\/wp-json\/wp\/v2\/comments?post=449"}],"wp:featuredmedia":[{"embeddable":true,"href":"https:\/\/shop.technomorous.eu\/en\/wp-json\/wp\/v2\/media\/450"}],"wp:attachment":[{"href":"https:\/\/shop.technomorous.eu\/en\/wp-json\/wp\/v2\/media?parent=449"}],"wp:term":[{"taxonomy":"product_brand","embeddable":true,"href":"https:\/\/shop.technomorous.eu\/en\/wp-json\/wp\/v2\/product_brand?post=449"},{"taxonomy":"product_cat","embeddable":true,"href":"https:\/\/shop.technomorous.eu\/en\/wp-json\/wp\/v2\/product_cat?post=449"},{"taxonomy":"product_tag","embeddable":true,"href":"https:\/\/shop.technomorous.eu\/en\/wp-json\/wp\/v2\/product_tag?post=449"}],"curies":[{"name":"wp","href":"https:\/\/api.w.org\/{rel}","templated":true}]}}