{"id":394,"date":"2023-10-15T22:17:17","date_gmt":"2023-10-15T20:17:17","guid":{"rendered":"https:\/\/shop.technomorous.eu\/?post_type=product&#038;p=394"},"modified":"2026-03-22T23:08:07","modified_gmt":"2026-03-22T22:08:07","slug":"redukce-ps-2-din","status":"publish","type":"product","link":"https:\/\/shop.technomorous.eu\/en\/product\/redukce-ps-2-din\/","title":{"rendered":"Redukce PS\/2 &#8211; DIN"},"content":{"rendered":"<p>Stav\u00edte retro PC, z\u00e1kladn\u00ed deska m\u00e1 pro p\u0159ipojen\u00ed kl\u00e1vesnice pouze DIN p\u011btikol\u00edk a vy nem\u00e1te \u017e\u00e1dnou kl\u00e1vesnici, kterou byste do n\u011bj zapojili? S touto redukc\u00ed lze p\u0159ipojit modern\u011bj\u0161\u00ed PS\/2 kl\u00e1vesnice, kter\u00e9 st\u00e1le je\u0161t\u011b dostanete i v pr\u016fm\u011brn\u00e9m mainstreamov\u00e9m po\u010d\u00edta\u010dov\u00e9m e-shopu.<\/p>\n<p>Redukce funguje s po\u010d\u00edta\u010di kompatibiln\u00edmi s PC AT, tedy s \u010d\u00edmkoliv od 286 v\u00fd\u0161e. Po\u010d\u00edta\u010de PC XT maj\u00ed sice stejn\u00fd konektor, ale jin\u00fd protokol a tam bohu\u017eel prost\u00e1 mechanick\u00e1 redukce nepom\u016f\u017ee.<\/p>","protected":false},"excerpt":{"rendered":"<p>Stav\u00edte retro PC, z\u00e1kladn\u00ed deska m\u00e1 pro p\u0159ipojen\u00ed kl\u00e1vesnice pouze DIN p\u011btikol\u00edk a vy nem\u00e1te \u017e\u00e1dnou kl\u00e1vesnici, kterou byste do n\u011bj zapojili? S touto redukc\u00ed lze p\u0159ipojit modern\u011bj\u0161\u00ed PS\/2 kl\u00e1vesnice, kter\u00e9 st\u00e1le je\u0161t\u011b dostanete i v pr\u016fm\u011brn\u00e9m mainstreamov\u00e9m po\u010d\u00edta\u010dov\u00e9m e-shopu. Redukce funguje s po\u010d\u00edta\u010di kompatibiln\u00edmi s PC AT, tedy s \u010d\u00edmkoliv od 286 v\u00fd\u0161e. Po\u010d\u00edta\u010de [&hellip;]<\/p>\n","protected":false},"featured_media":544,"comment_status":"open","ping_status":"closed","template":"","meta":[],"product_brand":[],"product_cat":[19],"product_tag":[18],"class_list":{"0":"post-394","1":"product","2":"type-product","3":"status-publish","4":"has-post-thumbnail","6":"product_cat-prislusenstvi","7":"product_tag-nove","9":"first","10":"instock","11":"shipping-taxable","12":"purchasable","13":"product-type-simple"},"_links":{"self":[{"href":"https:\/\/shop.technomorous.eu\/en\/wp-json\/wp\/v2\/product\/394","targetHints":{"allow":["GET"]}}],"collection":[{"href":"https:\/\/shop.technomorous.eu\/en\/wp-json\/wp\/v2\/product"}],"about":[{"href":"https:\/\/shop.technomorous.eu\/en\/wp-json\/wp\/v2\/types\/product"}],"replies":[{"embeddable":true,"href":"https:\/\/shop.technomorous.eu\/en\/wp-json\/wp\/v2\/comments?post=394"}],"wp:featuredmedia":[{"embeddable":true,"href":"https:\/\/shop.technomorous.eu\/en\/wp-json\/wp\/v2\/media\/544"}],"wp:attachment":[{"href":"https:\/\/shop.technomorous.eu\/en\/wp-json\/wp\/v2\/media?parent=394"}],"wp:term":[{"taxonomy":"product_brand","embeddable":true,"href":"https:\/\/shop.technomorous.eu\/en\/wp-json\/wp\/v2\/product_brand?post=394"},{"taxonomy":"product_cat","embeddable":true,"href":"https:\/\/shop.technomorous.eu\/en\/wp-json\/wp\/v2\/product_cat?post=394"},{"taxonomy":"product_tag","embeddable":true,"href":"https:\/\/shop.technomorous.eu\/en\/wp-json\/wp\/v2\/product_tag?post=394"}],"curies":[{"name":"wp","href":"https:\/\/api.w.org\/{rel}","templated":true}]}}