{"id":364,"date":"2023-10-04T16:43:28","date_gmt":"2023-10-04T14:43:28","guid":{"rendered":"https:\/\/shop.technomorous.eu\/?post_type=product&#038;p=364"},"modified":"2026-01-09T16:23:07","modified_gmt":"2026-01-09T15:23:07","slug":"usb-disketovka","status":"publish","type":"product","link":"https:\/\/shop.technomorous.eu\/en\/product\/usb-disketovka\/","title":{"rendered":"USB disketovka"},"content":{"rendered":"<p>Disketov\u00e9 mechaniky do USB portu u\u017e nejsou, co b\u00fdvaly. Pov\u011bt\u0161inou dnes se\u017eenete pouze lacin\u00e9 \u010d\u00ednsk\u00e9 nezna\u010dkov\u00e9 v\u00fdrobky, kter\u00e9 n\u011bkdy maj\u00ed probl\u00e9m s p\u0159e\u010dten\u00edm b\u011b\u017en\u00e9 3.5palcov\u00e9 1.44 HD diskety v MS-DOS form\u00e1tu a to hned po vybalen\u00ed z krabice. Proto jsem s pomoc\u00ed USB-FDD p\u0159evodn\u00edk\u016f, 3D tisku a star\u00fdch dobr\u00fdch desktopov\u00fdch mechanik vytvo\u0159il USB disketovku, u kter\u00e9 je otestov\u00e1no, \u017ee tento nejb\u011b\u017en\u011bj\u0161\u00ed form\u00e1t ur\u010dit\u011b p\u0159e\u010dte, vy tak dostanete data ze sv\u00e9ho modern\u00edho desktopu \u010di notebooku do sv\u00e9ho vintage PC a hran\u00ed Wolfensteina \u010di Prince of Persia u\u017e nebude nic st\u00e1t v cest\u011b.<\/p>\n<p>USB disketovku nem\u00e1m skladem hotovou, tisknu, sestavuji a testuji a\u017e dle va\u0161ich po\u017eadavk\u016f, tak\u017ee na vy\u0159\u00edzen\u00ed objedn\u00e1vky je zapot\u0159eb\u00ed zhruba t\u00fdden.\u00a0 Barevn\u00e9 proveden\u00ed samotn\u00e9 krabi\u010dky z\u00e1vis\u00ed na tom, jak\u00fd materi\u00e1l m\u00e1m zrovna k dispozici pro 3D tisk &#8211; barevn\u00e9 varianty zde v e-shopu pr\u016fb\u011b\u017en\u011b aktualizuji.\u00a0Vzhledem k tomu, \u017ee kompletn\u00ed USB disketovka se skl\u00e1d\u00e1 z pou\u017eit\u00e9ho d\u00edlu (mechanika), nov\u00e9ho d\u00edlu (p\u0159evodn\u00edk) a vyr\u00e1b\u011bn\u00e9ho d\u00edlu (krabi\u010dka), je zbo\u017e\u00ed ozna\u010deno jako pou\u017eit\u00e9 a vztahuje se na n\u011bj i p\u0159\u00edslu\u0161n\u00e9 ustanoven\u00ed obchodn\u00edch podm\u00ednek.<\/p>\n<p><strong>POZOR! Prvn\u00ed vyroben\u00e9 dv\u011b s\u00e9rie se ji\u017e vyprodaly a t\u00edm skon\u010dily m\u00e9 skladov\u00e9 z\u00e1soby star\u00fdch a prov\u011b\u0159en\u00fdch 3.5&#8243; mechanik. Pro nov\u00e9 objedn\u00e1vky mus\u00edm mechaniky sh\u00e1n\u011bt, co\u017e se nevyhnuteln\u011b mus\u00ed prom\u00edtnout do ceny celku.\u00a0 Proto, m\u00e1te-li vlastn\u00ed disketovou mechaniku, nab\u00edz\u00edm levn\u011bj\u0161\u00ed variantu ve form\u011b kitu, do n\u011bj\u017e si mechaniku osad\u00edte.\u00a0 Dostanete tak pouze krabi\u010dku z 3D tisku, USB p\u0159evodn\u00edk a spojovac\u00ed materi\u00e1l na sestaven\u00ed. P\u0159i objedn\u00e1vce tak pros\u00edm krom\u011b barvy zvolte i to, zda chcete mechaniku nebo nikoliv.\u00a0<\/strong><\/p>\n<p><span style=\"color: #ff0000;\"><em>Upozorn\u011bn\u00ed: M\u00e1m obvykle mo\u017enost tisknout pouze v \u010d\u00e1sti pracovn\u00edho t\u00fddne, tedy p\u0159i objedn\u00e1n\u00ed i samotn\u00e9ho kitu po\u010d\u00edtejte s dobou v\u00fdroby minim\u00e1ln\u011b 7 dn\u016f. \u010c\u00e1sti v\u00fdrobku z 3D tisku mohou m\u00edt drobn\u00e9 vady dan\u00e9 samotnou technologi\u00ed. Sna\u017e\u00edm se v\u0161e v\u017edy poslat perfektn\u00ed a pokud jde o vadu v\u011bt\u0161\u00ed, rad\u011bji tisknu p\u0159\u00edslu\u0161n\u00fd d\u00edl znovu, nicm\u00e9n\u011b nejsem profesion\u00e1ln\u00ed 3D tiska\u0159 a jeliko\u017e USB disketovka se tiskne celkem p\u0159es dev\u011bt hodin, nen\u00ed ani \u010dasov\u011b ani ekonomicky mo\u017en\u00e9 kv\u016fli milimetrov\u00e9 nerovnosti v\u0161e zahodit a za\u010d\u00edt znovu. P\u0159i n\u011bkolika des\u00edtk\u00e1ch prodan\u00fdch kus\u016f je\u0161t\u011b nem\u011bl ani jednu reklamaci vzhledu a pevn\u011b v\u011b\u0159\u00edm, \u017ee to tak i z\u016fstane.<\/em><\/span><\/p>","protected":false},"excerpt":{"rendered":"<p>Disketov\u00e9 mechaniky do USB portu u\u017e nejsou, co b\u00fdvaly. Pov\u011bt\u0161inou dnes se\u017eenete pouze lacin\u00e9 \u010d\u00ednsk\u00e9 nezna\u010dkov\u00e9 v\u00fdrobky, kter\u00e9 n\u011bkdy maj\u00ed probl\u00e9m s p\u0159e\u010dten\u00edm b\u011b\u017en\u00e9 3.5palcov\u00e9 1.44 HD diskety v MS-DOS form\u00e1tu a to hned po vybalen\u00ed z krabice. Proto jsem s pomoc\u00ed USB-FDD p\u0159evodn\u00edk\u016f, 3D tisku a star\u00fdch dobr\u00fdch desktopov\u00fdch mechanik vytvo\u0159il USB disketovku, u [&hellip;]<\/p>\n","protected":false},"featured_media":484,"comment_status":"open","ping_status":"closed","template":"","meta":[],"product_brand":[],"product_cat":[19],"product_tag":[20],"class_list":{"0":"post-364","1":"product","2":"type-product","3":"status-publish","4":"has-post-thumbnail","6":"product_cat-prislusenstvi","7":"product_tag-pouzite","9":"first","10":"instock","11":"sold-individually","12":"shipping-taxable","13":"purchasable","14":"product-type-variable"},"_links":{"self":[{"href":"https:\/\/shop.technomorous.eu\/en\/wp-json\/wp\/v2\/product\/364","targetHints":{"allow":["GET"]}}],"collection":[{"href":"https:\/\/shop.technomorous.eu\/en\/wp-json\/wp\/v2\/product"}],"about":[{"href":"https:\/\/shop.technomorous.eu\/en\/wp-json\/wp\/v2\/types\/product"}],"replies":[{"embeddable":true,"href":"https:\/\/shop.technomorous.eu\/en\/wp-json\/wp\/v2\/comments?post=364"}],"wp:featuredmedia":[{"embeddable":true,"href":"https:\/\/shop.technomorous.eu\/en\/wp-json\/wp\/v2\/media\/484"}],"wp:attachment":[{"href":"https:\/\/shop.technomorous.eu\/en\/wp-json\/wp\/v2\/media?parent=364"}],"wp:term":[{"taxonomy":"product_brand","embeddable":true,"href":"https:\/\/shop.technomorous.eu\/en\/wp-json\/wp\/v2\/product_brand?post=364"},{"taxonomy":"product_cat","embeddable":true,"href":"https:\/\/shop.technomorous.eu\/en\/wp-json\/wp\/v2\/product_cat?post=364"},{"taxonomy":"product_tag","embeddable":true,"href":"https:\/\/shop.technomorous.eu\/en\/wp-json\/wp\/v2\/product_tag?post=364"}],"curies":[{"name":"wp","href":"https:\/\/api.w.org\/{rel}","templated":true}]}}