{"id":333,"date":"2023-06-14T11:50:48","date_gmt":"2023-06-14T09:50:48","guid":{"rendered":"https:\/\/shop.technomorous.eu\/?post_type=product&#038;p=333"},"modified":"2026-03-26T18:49:21","modified_gmt":"2026-03-26T17:49:21","slug":"divide-57c","status":"publish","type":"product","link":"https:\/\/shop.technomorous.eu\/en\/product\/divide-57c\/","title":{"rendered":"divIDE 57c"},"content":{"rendered":"<p>IDE\u00a0 interface divIDE ve verzi 57c v 3D ti\u0161t\u011bn\u00e9 krabi\u010dce. Mo\u017enost bu\u010f s redukc\u00ed na CF kartu a 2GB CF kartou, nebo samostatn\u011b. Opera\u010dn\u00ed syst\u00e9m ESXDOS.<\/p>\n<p><em>Vzhledem k tomu, \u017ee se jedn\u00e1 o ru\u010dn\u011b osazovan\u00fd inteface, mohou se drobn\u011b li\u0161it rozm\u011bry jednotliv\u00fdch kus\u016f, co\u017e vy\u017eaduje manu\u00e1ln\u00ed \u00fapravy krabi\u010dek. V\u011bt\u0161inou nejsou zvn\u011bj\u0161ku viditeln\u00e9, m\u016f\u017ee se v\u0161ak st\u00e1t, \u017ee je t\u0159eba upravit v\u00edce a projev\u00ed se to na kosmetick\u00e9m vzhledu krabi\u010dky. Vzhled krabi\u010dky na fotografi\u00edch je\u00a0 ilustra\u010dn\u00ed &#8211; dle dostupnosti multibarevn\u00e9ho tisku je bu\u010f s barevn\u00fdm logem nebo celo\u010dern\u00e1.<br \/>\n<\/em><\/p>","protected":false},"excerpt":{"rendered":"<p>IDE\u00a0 interface divIDE ve verzi 57c v 3D ti\u0161t\u011bn\u00e9 krabi\u010dce. Mo\u017enost bu\u010f s redukc\u00ed na CF kartu a 2GB CF kartou, nebo samostatn\u011b. Opera\u010dn\u00ed syst\u00e9m ESXDOS. Vzhledem k tomu, \u017ee se jedn\u00e1 o ru\u010dn\u011b osazovan\u00fd inteface, mohou se drobn\u011b li\u0161it rozm\u011bry jednotliv\u00fdch kus\u016f, co\u017e vy\u017eaduje manu\u00e1ln\u00ed \u00fapravy krabi\u010dek. V\u011bt\u0161inou nejsou zvn\u011bj\u0161ku viditeln\u00e9, m\u016f\u017ee se v\u0161ak [&hellip;]<\/p>\n","protected":false},"featured_media":535,"comment_status":"open","ping_status":"closed","template":"","meta":[],"product_brand":[],"product_cat":[24],"product_tag":[],"class_list":{"0":"post-333","1":"product","2":"type-product","3":"status-publish","4":"has-post-thumbnail","6":"product_cat-sinclair","8":"first","9":"instock","10":"shipping-taxable","11":"purchasable","12":"product-type-variable"},"_links":{"self":[{"href":"https:\/\/shop.technomorous.eu\/en\/wp-json\/wp\/v2\/product\/333","targetHints":{"allow":["GET"]}}],"collection":[{"href":"https:\/\/shop.technomorous.eu\/en\/wp-json\/wp\/v2\/product"}],"about":[{"href":"https:\/\/shop.technomorous.eu\/en\/wp-json\/wp\/v2\/types\/product"}],"replies":[{"embeddable":true,"href":"https:\/\/shop.technomorous.eu\/en\/wp-json\/wp\/v2\/comments?post=333"}],"wp:featuredmedia":[{"embeddable":true,"href":"https:\/\/shop.technomorous.eu\/en\/wp-json\/wp\/v2\/media\/535"}],"wp:attachment":[{"href":"https:\/\/shop.technomorous.eu\/en\/wp-json\/wp\/v2\/media?parent=333"}],"wp:term":[{"taxonomy":"product_brand","embeddable":true,"href":"https:\/\/shop.technomorous.eu\/en\/wp-json\/wp\/v2\/product_brand?post=333"},{"taxonomy":"product_cat","embeddable":true,"href":"https:\/\/shop.technomorous.eu\/en\/wp-json\/wp\/v2\/product_cat?post=333"},{"taxonomy":"product_tag","embeddable":true,"href":"https:\/\/shop.technomorous.eu\/en\/wp-json\/wp\/v2\/product_tag?post=333"}],"curies":[{"name":"wp","href":"https:\/\/api.w.org\/{rel}","templated":true}]}}