{"id":242,"date":"2022-12-28T15:33:42","date_gmt":"2022-12-28T14:33:42","guid":{"rendered":"https:\/\/shop.technomorous.eu\/?post_type=product&#038;p=242"},"modified":"2025-12-03T17:07:27","modified_gmt":"2025-12-03T16:07:27","slug":"zvukovy-interface-aycko","status":"publish","type":"product","link":"https:\/\/shop.technomorous.eu\/en\/product\/zvukovy-interface-aycko\/","title":{"rendered":"AY\u010dko sound interface"},"content":{"rendered":"<p>AY\u010dko sound interface with AY-3-8910 and ACB stereo. Made by Noby, PCB version 1.03.<\/p>\n<p>Dle mo\u017enost\u00ed a aktu\u00e1ln\u00edho stavu z\u00e1sob je interface dod\u00e1v\u00e1n bu\u010f v krabi\u010dce z 3D tisku nebo jako samostatn\u00fd interface. Pokud chcete specificky jednu \u010di druhou variantu, zeptejte se, pros\u00edm, p\u0159edem.<\/p>","protected":false},"excerpt":{"rendered":"<p>Zvukov\u00fd interface AY\u010dko s \u010dipem AY-3-8910 a ACB stereo. Autorem je Noby, verze desky 1.03. Dle mo\u017enost\u00ed a aktu\u00e1ln\u00edho stavu z\u00e1sob je interface dod\u00e1v\u00e1n bu\u010f v krabi\u010dce z 3D tisku nebo jako samostatn\u00fd interface. Pokud chcete specificky jednu \u010di druhou variantu, zeptejte se, pros\u00edm, p\u0159edem.<\/p>","protected":false},"featured_media":378,"comment_status":"open","ping_status":"closed","template":"","meta":[],"product_brand":[],"product_cat":[24],"product_tag":[18],"class_list":{"0":"post-242","1":"product","2":"type-product","3":"status-publish","4":"has-post-thumbnail","6":"product_cat-sinclair","7":"product_tag-nove","9":"first","10":"instock","11":"shipping-taxable","12":"purchasable","13":"product-type-simple"},"_links":{"self":[{"href":"https:\/\/shop.technomorous.eu\/en\/wp-json\/wp\/v2\/product\/242","targetHints":{"allow":["GET"]}}],"collection":[{"href":"https:\/\/shop.technomorous.eu\/en\/wp-json\/wp\/v2\/product"}],"about":[{"href":"https:\/\/shop.technomorous.eu\/en\/wp-json\/wp\/v2\/types\/product"}],"replies":[{"embeddable":true,"href":"https:\/\/shop.technomorous.eu\/en\/wp-json\/wp\/v2\/comments?post=242"}],"wp:featuredmedia":[{"embeddable":true,"href":"https:\/\/shop.technomorous.eu\/en\/wp-json\/wp\/v2\/media\/378"}],"wp:attachment":[{"href":"https:\/\/shop.technomorous.eu\/en\/wp-json\/wp\/v2\/media?parent=242"}],"wp:term":[{"taxonomy":"product_brand","embeddable":true,"href":"https:\/\/shop.technomorous.eu\/en\/wp-json\/wp\/v2\/product_brand?post=242"},{"taxonomy":"product_cat","embeddable":true,"href":"https:\/\/shop.technomorous.eu\/en\/wp-json\/wp\/v2\/product_cat?post=242"},{"taxonomy":"product_tag","embeddable":true,"href":"https:\/\/shop.technomorous.eu\/en\/wp-json\/wp\/v2\/product_tag?post=242"}],"curies":[{"name":"wp","href":"https:\/\/api.w.org\/{rel}","templated":true}]}}