{"id":230,"date":"2022-11-21T21:42:52","date_gmt":"2022-11-21T20:42:52","guid":{"rendered":"https:\/\/shop.technomorous.eu\/?post_type=product&#038;p=230"},"modified":"2025-03-01T12:50:34","modified_gmt":"2025-03-01T11:50:34","slug":"samolepka-restore","status":"publish","type":"product","link":"https:\/\/shop.technomorous.eu\/en\/product\/samolepka-restore\/","title":{"rendered":"RESTORE diskmag sticker"},"content":{"rendered":"<p>Support czech <a href=\"http:\/\/restore.zxm.cz\">diskmag RESTORE<\/a>? L\u00edbil se v\u00e1m? Podpo\u0159te jeho tvorbu koup\u00ed samolepky!<\/p>\n<p>Rozm\u011bry 6&#215;10 cm, zakulacen\u00e9 rohy. Venkovn\u00ed \u017eivotnost dle v\u00fdrobce zhruba dva roky.<\/p>","protected":false},"excerpt":{"rendered":"<p>\u010cetli jste diskmag RESTORE? L\u00edbil se v\u00e1m? Podpo\u0159te jeho tvorbu koup\u00ed samolepky! Rozm\u011bry 6&#215;10 cm, zakulacen\u00e9 rohy. Venkovn\u00ed \u017eivotnost dle v\u00fdrobce zhruba dva roky.<\/p>","protected":false},"featured_media":231,"comment_status":"closed","ping_status":"closed","template":"","meta":[],"product_brand":[],"product_cat":[22],"product_tag":[18],"class_list":{"0":"post-230","1":"product","2":"type-product","3":"status-publish","4":"has-post-thumbnail","6":"product_cat-samolepky","7":"product_tag-nove","9":"first","10":"instock","11":"shipping-taxable","12":"purchasable","13":"product-type-simple"},"_links":{"self":[{"href":"https:\/\/shop.technomorous.eu\/en\/wp-json\/wp\/v2\/product\/230","targetHints":{"allow":["GET"]}}],"collection":[{"href":"https:\/\/shop.technomorous.eu\/en\/wp-json\/wp\/v2\/product"}],"about":[{"href":"https:\/\/shop.technomorous.eu\/en\/wp-json\/wp\/v2\/types\/product"}],"replies":[{"embeddable":true,"href":"https:\/\/shop.technomorous.eu\/en\/wp-json\/wp\/v2\/comments?post=230"}],"wp:featuredmedia":[{"embeddable":true,"href":"https:\/\/shop.technomorous.eu\/en\/wp-json\/wp\/v2\/media\/231"}],"wp:attachment":[{"href":"https:\/\/shop.technomorous.eu\/en\/wp-json\/wp\/v2\/media?parent=230"}],"wp:term":[{"taxonomy":"product_brand","embeddable":true,"href":"https:\/\/shop.technomorous.eu\/en\/wp-json\/wp\/v2\/product_brand?post=230"},{"taxonomy":"product_cat","embeddable":true,"href":"https:\/\/shop.technomorous.eu\/en\/wp-json\/wp\/v2\/product_cat?post=230"},{"taxonomy":"product_tag","embeddable":true,"href":"https:\/\/shop.technomorous.eu\/en\/wp-json\/wp\/v2\/product_tag?post=230"}],"curies":[{"name":"wp","href":"https:\/\/api.w.org\/{rel}","templated":true}]}}