{"id":213,"date":"2022-05-09T12:02:53","date_gmt":"2022-05-09T10:02:53","guid":{"rendered":"https:\/\/shop.technomorous.eu\/?post_type=product&#038;p=213"},"modified":"2026-01-28T13:57:06","modified_gmt":"2026-01-28T12:57:06","slug":"plotna","status":"publish","type":"product","link":"https:\/\/shop.technomorous.eu\/en\/product\/plotna\/","title":{"rendered":"Hard disk drive platter"},"content":{"rendered":"<p>Decorative item - platter from a dead hard disk drive. How it will be used is only up to your imagination!<\/p>\n<p>(Platters may be scratched, which is the main reason why the original drive failed.)<\/p>","protected":false},"excerpt":{"rendered":"<p>Vysoce vkusn\u00fd dekorativn\u00ed p\u0159edm\u011bt: le\u0161t\u011bn\u00e1 plotna z pevn\u00e9ho disku. Podt\u00e1cek? Pla\u0161i\u010dka pt\u00e1k\u016f na balk\u00f3n\u011b? To je jen na v\u00e1s! (Plotny mohou n\u00e9st zn\u00e1mky po\u0161kr\u00e1b\u00e1n\u00ed, to je ostatn\u011b i d\u016fvod odstaven\u00ed pevn\u00e9ho disku, v n\u011bm\u017e byly p\u016fvodn\u011b osazeny.)<\/p>","protected":false},"featured_media":377,"comment_status":"closed","ping_status":"closed","template":"","meta":[],"product_brand":[],"product_cat":[21,25],"product_tag":[20],"class_list":{"0":"post-213","1":"product","2":"type-product","3":"status-publish","4":"has-post-thumbnail","6":"product_cat-ostatni","7":"product_cat-ostatni-ostatni","8":"product_tag-pouzite","10":"first","11":"instock","12":"shipping-taxable","13":"purchasable","14":"product-type-simple"},"_links":{"self":[{"href":"https:\/\/shop.technomorous.eu\/en\/wp-json\/wp\/v2\/product\/213","targetHints":{"allow":["GET"]}}],"collection":[{"href":"https:\/\/shop.technomorous.eu\/en\/wp-json\/wp\/v2\/product"}],"about":[{"href":"https:\/\/shop.technomorous.eu\/en\/wp-json\/wp\/v2\/types\/product"}],"replies":[{"embeddable":true,"href":"https:\/\/shop.technomorous.eu\/en\/wp-json\/wp\/v2\/comments?post=213"}],"wp:featuredmedia":[{"embeddable":true,"href":"https:\/\/shop.technomorous.eu\/en\/wp-json\/wp\/v2\/media\/377"}],"wp:attachment":[{"href":"https:\/\/shop.technomorous.eu\/en\/wp-json\/wp\/v2\/media?parent=213"}],"wp:term":[{"taxonomy":"product_brand","embeddable":true,"href":"https:\/\/shop.technomorous.eu\/en\/wp-json\/wp\/v2\/product_brand?post=213"},{"taxonomy":"product_cat","embeddable":true,"href":"https:\/\/shop.technomorous.eu\/en\/wp-json\/wp\/v2\/product_cat?post=213"},{"taxonomy":"product_tag","embeddable":true,"href":"https:\/\/shop.technomorous.eu\/en\/wp-json\/wp\/v2\/product_tag?post=213"}],"curies":[{"name":"wp","href":"https:\/\/api.w.org\/{rel}","templated":true}]}}