{"id":175,"date":"2021-10-24T18:04:07","date_gmt":"2021-10-24T16:04:07","guid":{"rendered":"https:\/\/shop.technomorous.eu\/?post_type=product&#038;p=175"},"modified":"2026-02-02T11:04:19","modified_gmt":"2026-02-02T10:04:19","slug":"samolepka-vypnuti-pocitace","status":"publish","type":"product","link":"https:\/\/shop.technomorous.eu\/en\/product\/samolepka-vypnuti-pocitace\/","title":{"rendered":"Turn off sticker"},"content":{"rendered":"<p><strong>\u201eNyn\u00ed m\u016f\u017eete po\u010d\u00edta\u010d bez obav vypnout.\u201c<\/strong><\/p>\n<p>Tuto hl\u00e1\u0161ku zn\u00e1 ka\u017ed\u00fd, kdo pou\u017e\u00edval Windows 95 \u010di 98 na po\u010d\u00edta\u010di s AT zdrojem, kter\u00fd nebylo mo\u017en\u00e9 vypnout softwarov\u011b, ale musel se hezky ru\u010dn\u011b zm\u00e1\u010dknout p\u0159\u00edslu\u0161n\u00fd \u010dudl\u00edk na obvykle \u0161ediv\u00e9 hu\u010d\u00edc\u00ed bedn\u011b. Odv\u00e1\u017en\u011b vyta\u017eeno p\u0159\u00edmo ze souboru LOGOS.SYS a vyti\u0161t\u011bno na lesklou vinylovou samolepku o rozm\u011brech 10&#215;6 cm. Zachov\u00e1na zn\u00e1m\u00e1 m\u00edrn\u00e1 rozplizlost dan\u00e1 t\u00edm, \u017ee z d\u016fvodu \u00faspory m\u00edsta m\u00e1 p\u0159edloha polovi\u010dn\u00ed rozli\u0161en\u00ed v horizont\u00e1ln\u00edm sm\u011bru. Zakulacen\u00e9 rohy pro navozen\u00ed CRT atmosf\u00e9ry!<\/p>\n<p>Venkovn\u00ed \u017eivotnost dle v\u00fdrobce zhruba dva roky.<\/p>","protected":false},"excerpt":{"rendered":"<p>\u201eNyn\u00ed m\u016f\u017eete po\u010d\u00edta\u010d bez obav vypnout.\u201c Tuto hl\u00e1\u0161ku zn\u00e1 ka\u017ed\u00fd, kdo pou\u017e\u00edval Windows 95 \u010di 98 na po\u010d\u00edta\u010di s AT zdrojem, kter\u00fd nebylo mo\u017en\u00e9 vypnout softwarov\u011b, ale musel se hezky ru\u010dn\u011b zm\u00e1\u010dknout p\u0159\u00edslu\u0161n\u00fd \u010dudl\u00edk na obvykle \u0161ediv\u00e9 hu\u010d\u00edc\u00ed bedn\u011b. Odv\u00e1\u017en\u011b vyta\u017eeno p\u0159\u00edmo ze souboru LOGOS.SYS a vyti\u0161t\u011bno na lesklou vinylovou samolepku o rozm\u011brech 10&#215;6 cm. [&hellip;]<\/p>\n","protected":false},"featured_media":185,"comment_status":"closed","ping_status":"closed","template":"","meta":[],"product_brand":[],"product_cat":[21,22],"product_tag":[18],"class_list":{"0":"post-175","1":"product","2":"type-product","3":"status-publish","4":"has-post-thumbnail","6":"product_cat-ostatni","7":"product_cat-samolepky","8":"product_tag-nove","10":"first","11":"instock","12":"shipping-taxable","13":"purchasable","14":"product-type-simple"},"_links":{"self":[{"href":"https:\/\/shop.technomorous.eu\/en\/wp-json\/wp\/v2\/product\/175","targetHints":{"allow":["GET"]}}],"collection":[{"href":"https:\/\/shop.technomorous.eu\/en\/wp-json\/wp\/v2\/product"}],"about":[{"href":"https:\/\/shop.technomorous.eu\/en\/wp-json\/wp\/v2\/types\/product"}],"replies":[{"embeddable":true,"href":"https:\/\/shop.technomorous.eu\/en\/wp-json\/wp\/v2\/comments?post=175"}],"wp:featuredmedia":[{"embeddable":true,"href":"https:\/\/shop.technomorous.eu\/en\/wp-json\/wp\/v2\/media\/185"}],"wp:attachment":[{"href":"https:\/\/shop.technomorous.eu\/en\/wp-json\/wp\/v2\/media?parent=175"}],"wp:term":[{"taxonomy":"product_brand","embeddable":true,"href":"https:\/\/shop.technomorous.eu\/en\/wp-json\/wp\/v2\/product_brand?post=175"},{"taxonomy":"product_cat","embeddable":true,"href":"https:\/\/shop.technomorous.eu\/en\/wp-json\/wp\/v2\/product_cat?post=175"},{"taxonomy":"product_tag","embeddable":true,"href":"https:\/\/shop.technomorous.eu\/en\/wp-json\/wp\/v2\/product_tag?post=175"}],"curies":[{"name":"wp","href":"https:\/\/api.w.org\/{rel}","templated":true}]}}