{"id":161,"date":"2021-10-24T18:22:33","date_gmt":"2021-10-24T16:22:33","guid":{"rendered":"https:\/\/shop.technomorous.eu\/?post_type=product&#038;p=161"},"modified":"2026-03-09T09:07:11","modified_gmt":"2026-03-09T08:07:11","slug":"samolepka-sinclair","status":"publish","type":"product","link":"https:\/\/shop.technomorous.eu\/en\/product\/samolepka-sinclair\/","title":{"rendered":"Sinclair sticker"},"content":{"rendered":"<p><em>Sinclair computers are best of the kind. <span class=\"ILfuVd\"><span class=\"hgKElc\">You may disagree, but that's about all you can do. But better show your Sinclair pride with this nice badge!<\/span><\/span><\/em><\/p>\n<p>Samolepka o rozm\u011brech 5&#215;5 cm, \u010dern\u00fd tisk na b\u00edl\u00e9m vinylu, leskl\u00e1. Dle specifikac\u00ed v\u00fdrobce venkovn\u00ed \u017eivotnost cca 2 roky.<\/p>","protected":false},"excerpt":{"rendered":"<p>Po\u010d\u00edta\u010de zna\u010dky Sinclair jsou nejlep\u0161\u00ed na sv\u011bt\u011b. M\u016f\u017eeme o tom v\u00e9st spory, m\u016f\u017eeme s t\u00edm nesouhlasit, ale to je tak v\u0161echno, co se proti tomu d\u00e1 d\u011blat. Samolepka o rozm\u011brech 5&#215;5 cm, \u010dern\u00fd tisk na b\u00edl\u00e9m vinylu, leskl\u00e1. Dle specifikac\u00ed v\u00fdrobce venkovn\u00ed \u017eivotnost cca 2 roky.<\/p>","protected":false},"featured_media":165,"comment_status":"closed","ping_status":"closed","template":"","meta":[],"product_brand":[],"product_cat":[21,22],"product_tag":[18],"class_list":{"0":"post-161","1":"product","2":"type-product","3":"status-publish","4":"has-post-thumbnail","6":"product_cat-ostatni","7":"product_cat-samolepky","8":"product_tag-nove","10":"first","11":"instock","12":"shipping-taxable","13":"purchasable","14":"product-type-simple"},"_links":{"self":[{"href":"https:\/\/shop.technomorous.eu\/en\/wp-json\/wp\/v2\/product\/161","targetHints":{"allow":["GET"]}}],"collection":[{"href":"https:\/\/shop.technomorous.eu\/en\/wp-json\/wp\/v2\/product"}],"about":[{"href":"https:\/\/shop.technomorous.eu\/en\/wp-json\/wp\/v2\/types\/product"}],"replies":[{"embeddable":true,"href":"https:\/\/shop.technomorous.eu\/en\/wp-json\/wp\/v2\/comments?post=161"}],"wp:featuredmedia":[{"embeddable":true,"href":"https:\/\/shop.technomorous.eu\/en\/wp-json\/wp\/v2\/media\/165"}],"wp:attachment":[{"href":"https:\/\/shop.technomorous.eu\/en\/wp-json\/wp\/v2\/media?parent=161"}],"wp:term":[{"taxonomy":"product_brand","embeddable":true,"href":"https:\/\/shop.technomorous.eu\/en\/wp-json\/wp\/v2\/product_brand?post=161"},{"taxonomy":"product_cat","embeddable":true,"href":"https:\/\/shop.technomorous.eu\/en\/wp-json\/wp\/v2\/product_cat?post=161"},{"taxonomy":"product_tag","embeddable":true,"href":"https:\/\/shop.technomorous.eu\/en\/wp-json\/wp\/v2\/product_tag?post=161"}],"curies":[{"name":"wp","href":"https:\/\/api.w.org\/{rel}","templated":true}]}}