{"id":158,"date":"2021-10-07T18:14:43","date_gmt":"2021-10-07T16:14:43","guid":{"rendered":"https:\/\/shop.technomorous.eu\/?post_type=product&#038;p=158"},"modified":"2023-11-24T10:57:55","modified_gmt":"2023-11-24T09:57:55","slug":"redukce-sata-ide","status":"publish","type":"product","link":"https:\/\/shop.technomorous.eu\/en\/product\/redukce-sata-ide\/","title":{"rendered":"SATA - IDE adaptor"},"content":{"rendered":"","protected":false},"excerpt":{"rendered":"<p>Redukce ur\u010den\u00e1 k nasazen\u00ed na 3.5&#8243; SATA disk pro p\u0159ipojen\u00ed do po\u010d\u00edta\u010d\u016f, kter\u00e9 disponuj\u00ed pouze star\u0161\u00edm IDE rozhran\u00edm. Jumper pro nastaven\u00ed MASTER\/SLAVE.<\/p>\n<p>Mo\u017eno dodat bu\u010f jako low profile s v\u00fd\u0161kou cca\u00a0 1.7 cm (pro pevn\u00e9 disky) nebo s v\u00fd\u0161kou 2.6 cm (pro optick\u00e9 a jin\u00e9 podobn\u00e9 mechaniky), nutno specifikovat do pozn\u00e1mky v objedn\u00e1vce. V\u00fdsledn\u00fd produkt se tak m\u016f\u017ee li\u0161it od fotografie v popisu.<\/p>\n<p>Dodac\u00ed doba cca 4 t\u00fddny, o detailu bude zasl\u00e1na informace dle rozsahu objedn\u00e1vky.<\/p>","protected":false},"featured_media":159,"comment_status":"closed","ping_status":"closed","template":"","meta":[],"product_brand":[],"product_cat":[16,17],"product_tag":[20],"class_list":{"0":"post-158","1":"product","2":"type-product","3":"status-publish","4":"has-post-thumbnail","6":"product_cat-hardware","7":"product_cat-komponenty","8":"product_tag-pouzite","10":"first","11":"outofstock","12":"shipping-taxable","13":"purchasable","14":"product-type-simple"},"_links":{"self":[{"href":"https:\/\/shop.technomorous.eu\/en\/wp-json\/wp\/v2\/product\/158","targetHints":{"allow":["GET"]}}],"collection":[{"href":"https:\/\/shop.technomorous.eu\/en\/wp-json\/wp\/v2\/product"}],"about":[{"href":"https:\/\/shop.technomorous.eu\/en\/wp-json\/wp\/v2\/types\/product"}],"replies":[{"embeddable":true,"href":"https:\/\/shop.technomorous.eu\/en\/wp-json\/wp\/v2\/comments?post=158"}],"wp:featuredmedia":[{"embeddable":true,"href":"https:\/\/shop.technomorous.eu\/en\/wp-json\/wp\/v2\/media\/159"}],"wp:attachment":[{"href":"https:\/\/shop.technomorous.eu\/en\/wp-json\/wp\/v2\/media?parent=158"}],"wp:term":[{"taxonomy":"product_brand","embeddable":true,"href":"https:\/\/shop.technomorous.eu\/en\/wp-json\/wp\/v2\/product_brand?post=158"},{"taxonomy":"product_cat","embeddable":true,"href":"https:\/\/shop.technomorous.eu\/en\/wp-json\/wp\/v2\/product_cat?post=158"},{"taxonomy":"product_tag","embeddable":true,"href":"https:\/\/shop.technomorous.eu\/en\/wp-json\/wp\/v2\/product_tag?post=158"}],"curies":[{"name":"wp","href":"https:\/\/api.w.org\/{rel}","templated":true}]}}