{"id":609,"date":"2026-01-28T13:34:28","date_gmt":"2026-01-28T12:34:28","guid":{"rendered":"https:\/\/shop.technomorous.eu\/?post_type=product&#038;p=609"},"modified":"2026-01-28T13:34:28","modified_gmt":"2026-01-28T12:34:28","slug":"zaslepka-rs-232-seriovy-port-2x-db-9","status":"publish","type":"product","link":"http:\/\/shop.technomorous.eu\/en\/product\/zaslepka-rs-232-seriovy-port-2x-db-9\/","title":{"rendered":"Z\u00e1slepka RS-232 (s\u00e9riov\u00fd port) 2x DB-9"},"content":{"rendered":"<p>Z\u00e1slepka umo\u017e\u0148uj\u00edc\u00ed vyv\u00e9st z pinov\u00fdch li\u0161t na z\u00e1kladn\u00ed desce dva s\u00e9riov\u00e9 porty &#8211; vhodn\u00e9 pro star\u0161\u00ed PC s deskami v AT form\u00e1tu, kde na desce dva headery byly, u modern\u00edch stroj\u016f je v\u011bt\u0161inou na desce pouze jeden port, druh\u00fd je bu\u010f mezi ATX , nebo nen\u00ed v\u016fbec.<\/p>","protected":false},"excerpt":{"rendered":"<p>Z\u00e1slepka umo\u017e\u0148uj\u00edc\u00ed vyv\u00e9st z pinov\u00fdch li\u0161t na z\u00e1kladn\u00ed desce dva s\u00e9riov\u00e9 porty &#8211; vhodn\u00e9 pro star\u0161\u00ed PC s deskami v AT form\u00e1tu, kde na desce dva headery byly, u modern\u00edch stroj\u016f je v\u011bt\u0161inou na desce pouze jeden port, druh\u00fd je bu\u010f mezi ATX , nebo nen\u00ed v\u016fbec.<\/p>","protected":false},"featured_media":610,"comment_status":"open","ping_status":"closed","template":"","meta":[],"product_brand":[],"product_cat":[17],"product_tag":[18],"class_list":{"0":"post-609","1":"product","2":"type-product","3":"status-publish","4":"has-post-thumbnail","6":"product_cat-komponenty","7":"product_tag-nove","9":"first","10":"instock","11":"shipping-taxable","12":"purchasable","13":"product-type-simple"},"_links":{"self":[{"href":"http:\/\/shop.technomorous.eu\/en\/wp-json\/wp\/v2\/product\/609","targetHints":{"allow":["GET"]}}],"collection":[{"href":"http:\/\/shop.technomorous.eu\/en\/wp-json\/wp\/v2\/product"}],"about":[{"href":"http:\/\/shop.technomorous.eu\/en\/wp-json\/wp\/v2\/types\/product"}],"replies":[{"embeddable":true,"href":"http:\/\/shop.technomorous.eu\/en\/wp-json\/wp\/v2\/comments?post=609"}],"wp:featuredmedia":[{"embeddable":true,"href":"http:\/\/shop.technomorous.eu\/en\/wp-json\/wp\/v2\/media\/610"}],"wp:attachment":[{"href":"http:\/\/shop.technomorous.eu\/en\/wp-json\/wp\/v2\/media?parent=609"}],"wp:term":[{"taxonomy":"product_brand","embeddable":true,"href":"http:\/\/shop.technomorous.eu\/en\/wp-json\/wp\/v2\/product_brand?post=609"},{"taxonomy":"product_cat","embeddable":true,"href":"http:\/\/shop.technomorous.eu\/en\/wp-json\/wp\/v2\/product_cat?post=609"},{"taxonomy":"product_tag","embeddable":true,"href":"http:\/\/shop.technomorous.eu\/en\/wp-json\/wp\/v2\/product_tag?post=609"}],"curies":[{"name":"wp","href":"https:\/\/api.w.org\/{rel}","templated":true}]}}